{"id":4532,"date":"2023-06-22T12:05:13","date_gmt":"2023-06-22T12:05:13","guid":{"rendered":"https:\/\/wordpress-583806-3599736.cloudwaysapps.com\/?post_type=product&#038;p=4532"},"modified":"2023-07-05T11:04:45","modified_gmt":"2023-07-05T11:04:45","slug":"permatrax-grass-rollup","status":"publish","type":"product","link":"https:\/\/greenquip.pl\/latvia\/product\/permatrax-grass-rollup\/","title":{"rendered":"PermaTrax\u00ae Grass rollup"},"content":{"rendered":"\r\n<p><strong>PermaTrax\u00ae Grass Rollup<\/strong> is made from 100% recycled high-density polyethylene (HDPE) and Ethylene-Vinyl Acetate (EVA) and is load tested to a maximum load of 7 tonnes*.<\/p>\r\n\r\n\r\n\r\n<p>With their light weight and linkable design, they are manually manageable and can be easily moved, installed and secured to the ground by hand. The product&#8217;s materials and unique design promote drainage, allow grass growth and increase vehicle slip resistance and traction.<\/p>\r\n\r\n\r\n\r\n<p>The mesh is biologically and chemically resistant and is UV protected. They are durable, easy to wash, transport and store, do not absorb moisture and are mildew resistant. Standard colour is green\/brown.<\/p>\r\n\r\n\r\n\r\n<p>PermaTrax Grass Rollup is the cost-effective and durable ground reinforcement that is the perfect substitute for stone paving, asphalt and concrete. This provides a cost effective and environmentally friendly solution for both homeowners and ground contractors. Once installed, it can be filled and finished with virtually anything from single, decorative stone to soil and grass. This is a well used and durable grass cover for any project, permanent or temporary.<\/p>\r\n\r\n\r\n\r\n<p>100% recyclable &amp; 100% recycled!<\/p>\r\n\r\n\r\n\r\n<p>Examples of applications:<\/p>\r\n\r\n\r\n\r\n<ul class=\"wp-block-list\">\r\n<li>Parking<\/li>\r\n\r\n\r\n\r\n<li>Lawn reinforcement<\/li>\r\n\r\n\r\n\r\n<li>Driveways<\/li>\r\n\r\n\r\n\r\n<li>Animal husbandry<\/li>\r\n\r\n\r\n\r\n<li>Golf courses<\/li>\r\n\r\n\r\n\r\n<li>Cultural heritage projects<\/li>\r\n\r\n\r\n\r\n<li>Events, festivals and music concerts<\/li>\r\n\r\n\r\n\r\n<li>Land protection<\/li>\r\n\r\n\r\n\r\n<li>Gardening and farming<\/li>\r\n\r\n\r\n\r\n<li>Campsites<\/li>\r\n<\/ul>\r\n\r\n<p><em>* Belastningskapaciteten \u00e4r ALLTID beroende av r\u00e5dande markf\u00f6rh\u00e5llanden och materialets begr\u00e4nsningar. Anv\u00e4nd sunt f\u00f6rnuft.<\/em><\/p>","protected":false},"excerpt":{"rendered":"<p><strong>PermaTrax\u00ae Grass Rollup<\/strong> is made from 100% recycled high-density polyethylene (HDPE) and Ethylene-Vinyl Acetate (EVA) and is load tested to a maximum load of 7 tonnes<strong>*<\/strong>.<\/p>\n<p><!-- \/wp:paragraph --><\/p>\n<p><!-- wp:paragraph --><\/p>\n<p>These ground reinforcements can be used to reinforce exposed lawns, green driveways, car parks, garages etc where you are in need of a cushioning, draining and safe base and want to protect the ground\/grass.<\/p>\n<p><!-- \/wp:paragraph --><\/p>\n<p><!-- wp:paragraph --><\/p>\n<p><strong>Dimensions: 20000\u00d72000\u00d712 mm<\/strong><\/p>\n","protected":false},"featured_media":4535,"template":"","meta":[],"product_cat":[47,35,37],"product_tag":[65],"class_list":["post-4532","product","type-product","status-publish","has-post-thumbnail","hentry","product_cat-buy","product_cat-ground_protection_mats_and_bogmats","product_cat-light","product_tag-permatrax-grass-rollup"],"_links":{"self":[{"href":"https:\/\/greenquip.pl\/latvia\/wp-json\/wp\/v2\/product\/4532","targetHints":{"allow":["GET"]}}],"collection":[{"href":"https:\/\/greenquip.pl\/latvia\/wp-json\/wp\/v2\/product"}],"about":[{"href":"https:\/\/greenquip.pl\/latvia\/wp-json\/wp\/v2\/types\/product"}],"wp:featuredmedia":[{"embeddable":true,"href":"https:\/\/greenquip.pl\/latvia\/wp-json\/wp\/v2\/media\/4535"}],"wp:attachment":[{"href":"https:\/\/greenquip.pl\/latvia\/wp-json\/wp\/v2\/media?parent=4532"}],"wp:term":[{"taxonomy":"product_cat","embeddable":true,"href":"https:\/\/greenquip.pl\/latvia\/wp-json\/wp\/v2\/product_cat?post=4532"},{"taxonomy":"product_tag","embeddable":true,"href":"https:\/\/greenquip.pl\/latvia\/wp-json\/wp\/v2\/product_tag?post=4532"}],"curies":[{"name":"wp","href":"https:\/\/api.w.org\/{rel}","templated":true}]}}